{"id":1188,"date":"2011-12-19T21:00:27","date_gmt":"2011-12-20T00:00:27","guid":{"rendered":"http:\/\/wordpress.matbra.com\/?page_id=1188"},"modified":"2018-07-26T19:40:00","modified_gmt":"2018-07-26T22:40:00","slug":"multi-user-yourls-plugin-versao-1-5-beta","status":"publish","type":"page","link":"https:\/\/wordpress.matbra.com\/en\/code\/multi-user-yourls-plugin\/multi-user-yourls-plugin-versao-1-5-beta\/","title":{"rendered":"Multi-User YOURLS Plugin &#8211; Versao 1.5 beta"},"content":{"rendered":"<p><strong>NOTA: Plugin desenvolvido com a vers\u00e3o do SVN. Incompatibilidades com vers\u00e3o 1.5+<\/strong><\/p>\n<p>Um plugin para <a href=\"http:\/\/yourls.org\/\" target=\"_blank\">YOURLS<\/a> que habilita a possibilidade de multi usu\u00e1rios. <\/p>\n<p><strong>Como funciona:<\/strong><br \/>\nHabilitando este plugin ser\u00e3o criadas duas novas tabelas no seu banco de dados. Uma para registro de usu\u00e1rios. Outra para manter registro de qual url pertence a qual usu\u00e1rio. O plugin permite que as est\u00e1tisticas sejam publicas ou privadas (ao dono do dominio e administrador do site). O usu\u00e1rio, sendo dono, pode remover, ou atualizar links (n\u00e3o recomendado, pois urls j\u00e1 divulgadas n\u00e3o ser\u00e3o mais v\u00e1lidas.) <\/p>\n<p><strong>Como instalar:<\/strong><br \/>\n&#8211; Copiar os arquivos do plugin para a pasta \/user\/plugins\/multi-user\/<br \/>\n&#8211; Acessar area de administra\u00e7\u00e3o e habilitar o plugin.<br \/>\n&#8211; Para acessar p\u00e1gina de usu\u00e1rios acessar seusite.com\/user\/plugins\/multi-user (criar link na pagina inicial \u00e9 recomendado)<\/p>\n<p><strong>Configura\u00e7\u00f5es:<\/strong><br \/>\nSe quizer alterar alguma configura\u00e7\u00e3o default, altere seu arquivo de configura\u00e7\u00f5es<br \/>\nYOURLS_MULTIUSER_PROTECTED &#8211; TRUE\/FALSE &#8211; Estatisticas s\u00e3o privadas ao administrador e donos da URL encurtada.<br \/>\nYOURLS_DB_TABLE_URL_TO_USER &#8211; Tabela que vai armazenar URL para cada USUARIO<br \/>\nYOURLS_DB_TABLE_USERS &#8211; Tabela que vai armazenar os USUARIOS<br \/>\nYOURLS_MULTIUSER_CAPTCHA &#8211; Habilita CAPTCHA para se registrar.<br \/>\nYOURLS_MULTIUSER_CAPTCHA_PUBLIC_KEY &#8211; Public API Key para o Recaptcha, pegue o seu: https:\/\/www.google.com\/recaptcha\/admin\/create<br \/>\nYOURLS_MULTIUSER_CAPTCHA_PRIVATE_KEY &#8211; Private API Key para Recaptcha.<br \/>\nYOURLS_MULTIUSER_CAPTCHA_THEME &#8211; tema ReCAPTCHA.<br \/>\nYOURLS_MULTIUSER_ANONYMOUS &#8211; True se usuarios Anonimos podem encurtar URL, false se somente usuarios registrados e logados.<\/p>\n<p><strong>Ajuda:<\/strong> <a href=\"http:\/\/forum.matbra.com\/\">http:\/\/forum.matbra.com\/<\/a><\/p>\n<p><strong>Changelog 1.5 beta:<\/strong><br \/>\n&#8211; Adicionado op\u00e7\u00e3o de CAPTCHA para registrar<br \/>\n&#8211; Adicionado op\u00e7\u00e3o para habilitar\/desabilitar usu\u00e1rios anonimos no sistema<\/p>\n<p><strong>Download:<\/strong><br \/>\n<a href='http:\/\/wordpress.matbra.com\/wp-content\/uploads\/Multi-user-version-1.5beta.zip'>Multi-user YOURLs Plugin &#8211; Vers\u00e3o 1.5 (beta)<\/a><\/p>\n<p><strong>Vers\u00f5es anteriores:<\/strong><br \/>\n<a href=\"http:\/\/wordpress.matbra.com\/code\/multi-user-yourls-plugin\/multi-user-yourls-plugin-versao-1-3-beta\/\">Multi-User YOURLS Plugin &#8211; Vers\u00e3o 1.3 (beta)<\/a><br \/>\n<a href=\"http:\/\/wordpress.matbra.com\/code\/multi-user-yourls-plugin\/version-1-0-beta\/\">Multi-User YOURLS Plugin &#8211; Vers\u00e3o 1.0 (beta)<\/a><\/p>","protected":false},"excerpt":{"rendered":"<p>NOTA: Plugin desenvolvido com a vers\u00e3o do SVN. Incompatibilidades com vers\u00e3o 1.5+ Um plugin para YOURLS que habilita a possibilidade de multi usu\u00e1rios. Como funciona:&#8230;<\/p>\n<div class=\"more-link-wrapper\"><a class=\"more-link\" href=\"https:\/\/wordpress.matbra.com\/en\/code\/multi-user-yourls-plugin\/multi-user-yourls-plugin-versao-1-5-beta\/\">Continue reading<span class=\"screen-reader-text\">Multi-User YOURLS Plugin &#8211; Versao 1.5 beta<\/span><\/a><\/div>\n","protected":false},"author":1,"featured_media":0,"parent":1045,"menu_order":0,"comment_status":"open","ping_status":"open","template":"","meta":{"jetpack_post_was_ever_published":false,"footnotes":""},"class_list":["post-1188","page","type-page","status-publish","hentry","entry"],"jetpack_sharing_enabled":true,"jetpack_shortlink":"https:\/\/wp.me\/PsjGE-ja","_links":{"self":[{"href":"https:\/\/wordpress.matbra.com\/en\/wp-json\/wp\/v2\/pages\/1188","targetHints":{"allow":["GET"]}}],"collection":[{"href":"https:\/\/wordpress.matbra.com\/en\/wp-json\/wp\/v2\/pages"}],"about":[{"href":"https:\/\/wordpress.matbra.com\/en\/wp-json\/wp\/v2\/types\/page"}],"author":[{"embeddable":true,"href":"https:\/\/wordpress.matbra.com\/en\/wp-json\/wp\/v2\/users\/1"}],"replies":[{"embeddable":true,"href":"https:\/\/wordpress.matbra.com\/en\/wp-json\/wp\/v2\/comments?post=1188"}],"version-history":[{"count":6,"href":"https:\/\/wordpress.matbra.com\/en\/wp-json\/wp\/v2\/pages\/1188\/revisions"}],"predecessor-version":[{"id":1730,"href":"https:\/\/wordpress.matbra.com\/en\/wp-json\/wp\/v2\/pages\/1188\/revisions\/1730"}],"up":[{"embeddable":true,"href":"https:\/\/wordpress.matbra.com\/en\/wp-json\/wp\/v2\/pages\/1045"}],"wp:attachment":[{"href":"https:\/\/wordpress.matbra.com\/en\/wp-json\/wp\/v2\/media?parent=1188"}],"curies":[{"name":"wp","href":"https:\/\/api.w.org\/{rel}","templated":true}]}}